{"id":39,"date":"2017-12-17T10:02:10","date_gmt":"2017-12-17T10:02:10","guid":{"rendered":"https:\/\/atelie.isisdandara.com\/index.php\/cart-2\/"},"modified":"2021-07-11T15:50:04","modified_gmt":"2021-07-11T18:50:04","slug":"cart-2","status":"publish","type":"page","link":"https:\/\/atelie.isisdandara.com\/index.php\/cart-2\/","title":{"rendered":"Cesta"},"content":{"rendered":"\t\t<div data-elementor-type=\"wp-post\" data-elementor-id=\"39\" class=\"elementor elementor-39\">\n\t\t\t\t\t\t\t\t\t<section class=\"elementor-section elementor-top-section elementor-element elementor-element-4feb71c elementor-section-boxed elementor-section-height-default elementor-section-height-default\" data-id=\"4feb71c\" data-element_type=\"section\" data-settings=\"{&quot;background_background&quot;:&quot;classic&quot;}\">\n\t\t\t\t\t\t<div class=\"elementor-container elementor-column-gap-default\">\n\t\t\t\t\t<div class=\"elementor-column elementor-col-100 elementor-top-column elementor-element elementor-element-4b10cab\" data-id=\"4b10cab\" data-element_type=\"column\">\n\t\t\t<div class=\"elementor-widget-wrap elementor-element-populated\">\n\t\t\t\t\t\t\t\t<div class=\"elementor-element elementor-element-49083bd elementor-widget elementor-widget-heading\" data-id=\"49083bd\" data-element_type=\"widget\" data-widget_type=\"heading.default\">\n\t\t\t\t<div class=\"elementor-widget-container\">\n\t\t\t<h1 class=\"elementor-heading-title elementor-size-default\">Carrinho<\/h1>\t\t<\/div>\n\t\t\t\t<\/div>\n\t\t\t\t\t<\/div>\n\t\t<\/div>\n\t\t\t\t\t\t\t<\/div>\n\t\t<\/section>\n\t\t\t\t<section class=\"elementor-section elementor-top-section elementor-element elementor-element-4c824ebb elementor-section-boxed elementor-section-height-default elementor-section-height-default\" data-id=\"4c824ebb\" data-element_type=\"section\" data-settings=\"{&quot;background_background&quot;:&quot;classic&quot;}\">\n\t\t\t\t\t\t<div class=\"elementor-container elementor-column-gap-default\">\n\t\t\t\t\t<div class=\"elementor-column elementor-col-100 elementor-top-column elementor-element elementor-element-7a91de92\" data-id=\"7a91de92\" data-element_type=\"column\">\n\t\t\t<div class=\"elementor-widget-wrap elementor-element-populated\">\n\t\t\t\t\t\t\t\t<div class=\"elementor-element elementor-element-245f8e5c elementor-widget elementor-widget-shortcode\" data-id=\"245f8e5c\" data-element_type=\"widget\" data-widget_type=\"shortcode.default\">\n\t\t\t\t<div class=\"elementor-widget-container\">\n\t\t\t\t\t<div class=\"elementor-shortcode\"><div class=\"woocommerce\">\t<p class=\"return-to-shop\">\n\t\t<a class=\"button wc-backward\" href=\"https:\/\/atelie.isisdandara.com\/index.php\/store\/\">\n\t\t\tRetornar para a loja\t\t<\/a>\n\t<\/p>\n<\/div><\/div>\n\t\t\t\t<\/div>\n\t\t\t\t<\/div>\n\t\t\t\t\t<\/div>\n\t\t<\/div>\n\t\t\t\t\t\t\t<\/div>\n\t\t<\/section>\n\t\t\t\t\t\t\t<\/div>\n\t\t","protected":false},"excerpt":{"rendered":"<p>Carrinho<\/p>\n","protected":false},"author":1,"featured_media":0,"parent":0,"menu_order":0,"comment_status":"closed","ping_status":"closed","template":"","meta":{"_mi_skip_tracking":false,"site-sidebar-layout":"no-sidebar","site-content-layout":"page-builder","ast-main-header-display":"","ast-hfb-above-header-display":"","ast-hfb-below-header-display":"","ast-hfb-mobile-header-display":"","site-post-title":"disabled","ast-breadcrumbs-content":"","ast-featured-img":"disabled","footer-sml-layout":"","theme-transparent-header-meta":"disabled","adv-header-id-meta":"","stick-header-meta":"","header-above-stick-meta":"","header-main-stick-meta":"","header-below-stick-meta":""},"yoast_head":"<!-- This site is optimized with the Yoast SEO plugin v17.9 - https:\/\/yoast.com\/wordpress\/plugins\/seo\/ -->\n<title>Cesta - Ateli\u00ea Isis Dandara<\/title>\n<meta name=\"robots\" content=\"index, follow, max-snippet:-1, max-image-preview:large, max-video-preview:-1\" \/>\n<link rel=\"canonical\" href=\"https:\/\/atelie.isisdandara.com\/index.php\/cart-2\/\" \/>\n<meta property=\"og:locale\" content=\"pt_BR\" \/>\n<meta property=\"og:type\" content=\"article\" \/>\n<meta property=\"og:title\" content=\"Cesta - Ateli\u00ea Isis Dandara\" \/>\n<meta property=\"og:description\" content=\"Carrinho\" \/>\n<meta property=\"og:url\" content=\"https:\/\/atelie.isisdandara.com\/index.php\/cart-2\/\" \/>\n<meta property=\"og:site_name\" content=\"Ateli\u00ea Isis Dandara\" \/>\n<meta property=\"article:modified_time\" content=\"2021-07-11T18:50:04+00:00\" \/>\n<meta name=\"twitter:card\" content=\"summary_large_image\" \/>\n<script type=\"application\/ld+json\" class=\"yoast-schema-graph\">{\"@context\":\"https:\/\/schema.org\",\"@graph\":[{\"@type\":\"WebSite\",\"@id\":\"https:\/\/atelie.isisdandara.com\/#website\",\"url\":\"https:\/\/atelie.isisdandara.com\/\",\"name\":\"Ateli\\u00ea Isis Dandara\",\"description\":\"Pe\\u00e7as inspiradas no universo da dan\\u00e7a!\",\"potentialAction\":[{\"@type\":\"SearchAction\",\"target\":{\"@type\":\"EntryPoint\",\"urlTemplate\":\"https:\/\/atelie.isisdandara.com\/?s={search_term_string}\"},\"query-input\":\"required name=search_term_string\"}],\"inLanguage\":\"pt-BR\"},{\"@type\":\"WebPage\",\"@id\":\"https:\/\/atelie.isisdandara.com\/index.php\/cart-2\/#webpage\",\"url\":\"https:\/\/atelie.isisdandara.com\/index.php\/cart-2\/\",\"name\":\"Cesta - Ateli\\u00ea Isis Dandara\",\"isPartOf\":{\"@id\":\"https:\/\/atelie.isisdandara.com\/#website\"},\"datePublished\":\"2017-12-17T10:02:10+00:00\",\"dateModified\":\"2021-07-11T18:50:04+00:00\",\"breadcrumb\":{\"@id\":\"https:\/\/atelie.isisdandara.com\/index.php\/cart-2\/#breadcrumb\"},\"inLanguage\":\"pt-BR\",\"potentialAction\":[{\"@type\":\"ReadAction\",\"target\":[\"https:\/\/atelie.isisdandara.com\/index.php\/cart-2\/\"]}]},{\"@type\":\"BreadcrumbList\",\"@id\":\"https:\/\/atelie.isisdandara.com\/index.php\/cart-2\/#breadcrumb\",\"itemListElement\":[{\"@type\":\"ListItem\",\"position\":1,\"name\":\"In\\u00edcio\",\"item\":\"https:\/\/atelie.isisdandara.com\/\"},{\"@type\":\"ListItem\",\"position\":2,\"name\":\"Cesta\"}]}]}<\/script>\n<!-- \/ Yoast SEO plugin. -->","yoast_head_json":{"title":"Cesta - Ateli\u00ea Isis Dandara","robots":{"index":"index","follow":"follow","max-snippet":"max-snippet:-1","max-image-preview":"max-image-preview:large","max-video-preview":"max-video-preview:-1"},"canonical":"https:\/\/atelie.isisdandara.com\/index.php\/cart-2\/","og_locale":"pt_BR","og_type":"article","og_title":"Cesta - Ateli\u00ea Isis Dandara","og_description":"Carrinho","og_url":"https:\/\/atelie.isisdandara.com\/index.php\/cart-2\/","og_site_name":"Ateli\u00ea Isis Dandara","article_modified_time":"2021-07-11T18:50:04+00:00","twitter_card":"summary_large_image","schema":{"@context":"https:\/\/schema.org","@graph":[{"@type":"WebSite","@id":"https:\/\/atelie.isisdandara.com\/#website","url":"https:\/\/atelie.isisdandara.com\/","name":"Ateli\u00ea Isis Dandara","description":"Pe\u00e7as inspiradas no universo da dan\u00e7a!","potentialAction":[{"@type":"SearchAction","target":{"@type":"EntryPoint","urlTemplate":"https:\/\/atelie.isisdandara.com\/?s={search_term_string}"},"query-input":"required name=search_term_string"}],"inLanguage":"pt-BR"},{"@type":"WebPage","@id":"https:\/\/atelie.isisdandara.com\/index.php\/cart-2\/#webpage","url":"https:\/\/atelie.isisdandara.com\/index.php\/cart-2\/","name":"Cesta - Ateli\u00ea Isis Dandara","isPartOf":{"@id":"https:\/\/atelie.isisdandara.com\/#website"},"datePublished":"2017-12-17T10:02:10+00:00","dateModified":"2021-07-11T18:50:04+00:00","breadcrumb":{"@id":"https:\/\/atelie.isisdandara.com\/index.php\/cart-2\/#breadcrumb"},"inLanguage":"pt-BR","potentialAction":[{"@type":"ReadAction","target":["https:\/\/atelie.isisdandara.com\/index.php\/cart-2\/"]}]},{"@type":"BreadcrumbList","@id":"https:\/\/atelie.isisdandara.com\/index.php\/cart-2\/#breadcrumb","itemListElement":[{"@type":"ListItem","position":1,"name":"In\u00edcio","item":"https:\/\/atelie.isisdandara.com\/"},{"@type":"ListItem","position":2,"name":"Cesta"}]}]}},"_links":{"self":[{"href":"https:\/\/atelie.isisdandara.com\/index.php\/wp-json\/wp\/v2\/pages\/39"}],"collection":[{"href":"https:\/\/atelie.isisdandara.com\/index.php\/wp-json\/wp\/v2\/pages"}],"about":[{"href":"https:\/\/atelie.isisdandara.com\/index.php\/wp-json\/wp\/v2\/types\/page"}],"author":[{"embeddable":true,"href":"https:\/\/atelie.isisdandara.com\/index.php\/wp-json\/wp\/v2\/users\/1"}],"replies":[{"embeddable":true,"href":"https:\/\/atelie.isisdandara.com\/index.php\/wp-json\/wp\/v2\/comments?post=39"}],"version-history":[{"count":8,"href":"https:\/\/atelie.isisdandara.com\/index.php\/wp-json\/wp\/v2\/pages\/39\/revisions"}],"predecessor-version":[{"id":3436,"href":"https:\/\/atelie.isisdandara.com\/index.php\/wp-json\/wp\/v2\/pages\/39\/revisions\/3436"}],"wp:attachment":[{"href":"https:\/\/atelie.isisdandara.com\/index.php\/wp-json\/wp\/v2\/media?parent=39"}],"curies":[{"name":"wp","href":"https:\/\/api.w.org\/{rel}","templated":true}]}}