{"id":414,"date":"2017-12-21T09:00:47","date_gmt":"2017-12-21T09:00:47","guid":{"rendered":"https:\/\/atelie.isisdandara.com\/index.php\/contact-us\/"},"modified":"2021-07-13T17:30:59","modified_gmt":"2021-07-13T20:30:59","slug":"contact-us","status":"publish","type":"page","link":"https:\/\/atelie.isisdandara.com\/index.php\/contact-us\/","title":{"rendered":"Contato"},"content":{"rendered":"\t\t<div data-elementor-type=\"wp-post\" data-elementor-id=\"414\" class=\"elementor elementor-414\">\n\t\t\t\t\t\t\t\t\t<section class=\"elementor-section elementor-top-section elementor-element elementor-element-1af1f79 elementor-section-content-middle elementor-section-boxed elementor-section-height-default elementor-section-height-default\" data-id=\"1af1f79\" data-element_type=\"section\" data-settings=\"{&quot;background_background&quot;:&quot;classic&quot;}\">\n\t\t\t\t\t\t\t<div class=\"elementor-background-overlay\"><\/div>\n\t\t\t\t\t\t\t<div class=\"elementor-container elementor-column-gap-no\">\n\t\t\t\t\t<div class=\"elementor-column elementor-col-100 elementor-top-column elementor-element elementor-element-8d092b6\" data-id=\"8d092b6\" data-element_type=\"column\">\n\t\t\t<div class=\"elementor-widget-wrap elementor-element-populated\">\n\t\t\t\t\t\t\t\t<div class=\"elementor-element elementor-element-2f510d4 elementor-widget elementor-widget-heading\" data-id=\"2f510d4\" data-element_type=\"widget\" data-widget_type=\"heading.default\">\n\t\t\t\t<div class=\"elementor-widget-container\">\n\t\t\t<h1 class=\"elementor-heading-title elementor-size-default\">Contate-Nos<\/h1>\t\t<\/div>\n\t\t\t\t<\/div>\n\t\t\t\t\t<\/div>\n\t\t<\/div>\n\t\t\t\t\t\t\t<\/div>\n\t\t<\/section>\n\t\t\t\t<section class=\"elementor-section elementor-top-section elementor-element elementor-element-adcc176 elementor-section-content-middle elementor-section-boxed elementor-section-height-default elementor-section-height-default\" data-id=\"adcc176\" data-element_type=\"section\">\n\t\t\t\t\t\t<div class=\"elementor-container elementor-column-gap-default\">\n\t\t\t\t\t<div class=\"elementor-column elementor-col-33 elementor-top-column elementor-element elementor-element-a91ad32\" data-id=\"a91ad32\" data-element_type=\"column\">\n\t\t\t<div class=\"elementor-widget-wrap elementor-element-populated\">\n\t\t\t\t\t\t\t\t<div class=\"elementor-element elementor-element-b5a2814 elementor-widget elementor-widget-heading\" data-id=\"b5a2814\" data-element_type=\"widget\" data-widget_type=\"heading.default\">\n\t\t\t\t<div class=\"elementor-widget-container\">\n\t\t\t<h3 class=\"elementor-heading-title elementor-size-default\">Perguntas, coment\u00e1rios? Voc\u00ea nos diz. N\u00f3s ouvimos.<\/h3>\t\t<\/div>\n\t\t\t\t<\/div>\n\t\t\t\t<div class=\"elementor-element elementor-element-6c2999c elementor-widget elementor-widget-text-editor\" data-id=\"6c2999c\" data-element_type=\"widget\" data-widget_type=\"text-editor.default\">\n\t\t\t\t<div class=\"elementor-widget-container\">\n\t\t\t\t\t\t\t<p>Email: sac.atelie@isisdandara.com<\/p>\t\t\t\t\t\t<\/div>\n\t\t\t\t<\/div>\n\t\t\t\t\t<\/div>\n\t\t<\/div>\n\t\t\t\t<div class=\"elementor-column elementor-col-66 elementor-top-column elementor-element elementor-element-063df41\" data-id=\"063df41\" data-element_type=\"column\" data-settings=\"{&quot;background_background&quot;:&quot;classic&quot;}\">\n\t\t\t<div class=\"elementor-widget-wrap elementor-element-populated\">\n\t\t\t\t\t\t\t\t<div class=\"elementor-element elementor-element-be7c042 elementor-widget elementor-widget-shortcode\" data-id=\"be7c042\" data-element_type=\"widget\" data-widget_type=\"shortcode.default\">\n\t\t\t\t<div class=\"elementor-widget-container\">\n\t\t\t\t\t<div class=\"elementor-shortcode\"><div class=\"wpforms-container \" id=\"wpforms-20\"><form id=\"wpforms-form-20\" class=\"wpforms-validate wpforms-form\" data-formid=\"20\" method=\"post\" enctype=\"multipart\/form-data\" action=\"\/index.php\/wp-json\/wp\/v2\/pages\/414\" data-token=\"7f10196b8b71d641792b36946862a736\"><noscript class=\"wpforms-error-noscript\">Ative o JavaScript no seu navegador para preencher este formul\u00e1rio.<\/noscript><div class=\"wpforms-field-container\"><div id=\"wpforms-20-field_0-container\" class=\"wpforms-field wpforms-field-name\" data-field-id=\"0\"><label class=\"wpforms-field-label wpforms-label-hide\" for=\"wpforms-20-field_0\">Name <span class=\"wpforms-required-label\">*<\/span><\/label><input type=\"text\" id=\"wpforms-20-field_0\" class=\"wpforms-field-large wpforms-field-required\" name=\"wpforms[fields][0]\" placeholder=\"NOME\" required><\/div><div id=\"wpforms-20-field_5-container\" class=\"wpforms-field wpforms-field-text\" data-field-id=\"5\"><label class=\"wpforms-field-label wpforms-label-hide\" for=\"wpforms-20-field_5\">Single Line Text<\/label><input type=\"text\" id=\"wpforms-20-field_5\" class=\"wpforms-field-large\" name=\"wpforms[fields][5]\" placeholder=\"ASSUNTO\" ><\/div><div id=\"wpforms-20-field_4-container\" class=\"wpforms-field wpforms-field-email\" data-field-id=\"4\"><label class=\"wpforms-field-label wpforms-label-hide\" for=\"wpforms-20-field_4\">Email <span class=\"wpforms-required-label\">*<\/span><\/label><input type=\"email\" id=\"wpforms-20-field_4\" class=\"wpforms-field-large wpforms-field-required\" name=\"wpforms[fields][4]\" placeholder=\"SEU EMAIL\" required><\/div><div id=\"wpforms-20-field_2-container\" class=\"wpforms-field wpforms-field-textarea\" data-field-id=\"2\"><label class=\"wpforms-field-label wpforms-label-hide\" for=\"wpforms-20-field_2\">Comment or Message <span class=\"wpforms-required-label\">*<\/span><\/label><textarea id=\"wpforms-20-field_2\" class=\"wpforms-field-large wpforms-field-required\" name=\"wpforms[fields][2]\" placeholder=\"MENSAGEM\" required><\/textarea><\/div><\/div><div class=\"wpforms-field wpforms-field-hp\"><label for=\"wpforms-20-field-hp\" class=\"wpforms-field-label\">Website<\/label><input type=\"text\" name=\"wpforms[hp]\" id=\"wpforms-20-field-hp\" class=\"wpforms-field-medium\"><\/div><div class=\"wpforms-submit-container\"><input type=\"hidden\" name=\"wpforms[id]\" value=\"20\"><input type=\"hidden\" name=\"wpforms[author]\" value=\"1\"><button type=\"submit\" name=\"wpforms[submit]\" id=\"wpforms-submit-20\" class=\"wpforms-submit\" data-alt-text=\"Sending...\" data-submit-text=\"Enviar Mensagem\" aria-live=\"assertive\" value=\"wpforms-submit\">Enviar Mensagem<\/button><\/div><\/form><\/div>  <!-- .wpforms-container --><\/div>\n\t\t\t\t<\/div>\n\t\t\t\t<\/div>\n\t\t\t\t\t<\/div>\n\t\t<\/div>\n\t\t\t\t\t\t\t<\/div>\n\t\t<\/section>\n\t\t\t\t<section class=\"elementor-section elementor-top-section elementor-element elementor-element-ab2ace3 elementor-section-boxed elementor-section-height-default elementor-section-height-default\" data-id=\"ab2ace3\" data-element_type=\"section\" data-settings=\"{&quot;background_background&quot;:&quot;classic&quot;}\">\n\t\t\t\t\t\t<div class=\"elementor-container elementor-column-gap-default\">\n\t\t\t\t\t<div class=\"elementor-column elementor-col-100 elementor-top-column elementor-element elementor-element-bc8967b\" data-id=\"bc8967b\" data-element_type=\"column\">\n\t\t\t<div class=\"elementor-widget-wrap elementor-element-populated\">\n\t\t\t\t\t\t\t\t<section class=\"elementor-section elementor-inner-section elementor-element elementor-element-935fef0 elementor-section-boxed elementor-section-height-default elementor-section-height-default\" data-id=\"935fef0\" data-element_type=\"section\">\n\t\t\t\t\t\t<div class=\"elementor-container elementor-column-gap-default\">\n\t\t\t\t\t<div class=\"elementor-column elementor-col-25 elementor-inner-column elementor-element elementor-element-bb2875c\" data-id=\"bb2875c\" data-element_type=\"column\">\n\t\t\t<div class=\"elementor-widget-wrap elementor-element-populated\">\n\t\t\t\t\t\t\t\t<div class=\"elementor-element elementor-element-371f8e9 elementor-position-top elementor-vertical-align-top elementor-widget elementor-widget-image-box\" data-id=\"371f8e9\" data-element_type=\"widget\" data-widget_type=\"image-box.default\">\n\t\t\t\t<div class=\"elementor-widget-container\">\n\t\t\t<div class=\"elementor-image-box-wrapper\"><figure class=\"elementor-image-box-img\"><img width=\"120\" height=\"120\" src=\"https:\/\/atelie.isisdandara.com\/wp-content\/uploads\/2018\/12\/globe-free-img.png\" class=\"attachment-full size-full\" alt=\"\" loading=\"lazy\" \/><\/figure><div class=\"elementor-image-box-content\"><h5 class=\"elementor-image-box-title\">Envio Para Todo Brasil<\/h5><p class=\"elementor-image-box-description\">Enviamos nossos produtos para todo o pa\u00eds atrav\u00e9s do Correios.<\/p><\/div><\/div>\t\t<\/div>\n\t\t\t\t<\/div>\n\t\t\t\t\t<\/div>\n\t\t<\/div>\n\t\t\t\t<div class=\"elementor-column elementor-col-25 elementor-inner-column elementor-element elementor-element-318679f\" data-id=\"318679f\" data-element_type=\"column\">\n\t\t\t<div class=\"elementor-widget-wrap elementor-element-populated\">\n\t\t\t\t\t\t\t\t<div class=\"elementor-element elementor-element-f719b06 elementor-position-top elementor-vertical-align-top elementor-widget elementor-widget-image-box\" data-id=\"f719b06\" data-element_type=\"widget\" data-widget_type=\"image-box.default\">\n\t\t\t\t<div class=\"elementor-widget-container\">\n\t\t\t<div class=\"elementor-image-box-wrapper\"><figure class=\"elementor-image-box-img\"><img width=\"120\" height=\"120\" src=\"https:\/\/atelie.isisdandara.com\/wp-content\/uploads\/2018\/12\/quality-free-img.png\" class=\"attachment-full size-full\" alt=\"\" loading=\"lazy\" \/><\/figure><div class=\"elementor-image-box-content\"><h5 class=\"elementor-image-box-title\">Melhor Qualidade<\/h5><p class=\"elementor-image-box-description\">Utilizamos materiais selecionados para atingir  a mais alta qualidade.<\/p><\/div><\/div>\t\t<\/div>\n\t\t\t\t<\/div>\n\t\t\t\t\t<\/div>\n\t\t<\/div>\n\t\t\t\t<div class=\"elementor-column elementor-col-25 elementor-inner-column elementor-element elementor-element-bf54c89\" data-id=\"bf54c89\" data-element_type=\"column\">\n\t\t\t<div class=\"elementor-widget-wrap elementor-element-populated\">\n\t\t\t\t\t\t\t\t<div class=\"elementor-element elementor-element-5ad4f09 elementor-position-top elementor-vertical-align-top elementor-widget elementor-widget-image-box\" data-id=\"5ad4f09\" data-element_type=\"widget\" data-widget_type=\"image-box.default\">\n\t\t\t\t<div class=\"elementor-widget-container\">\n\t\t\t<div class=\"elementor-image-box-wrapper\"><figure class=\"elementor-image-box-img\"><img width=\"120\" height=\"120\" src=\"https:\/\/atelie.isisdandara.com\/wp-content\/uploads\/2018\/12\/tag-free-img.png\" class=\"attachment-full size-full\" alt=\"\" loading=\"lazy\" \/><\/figure><div class=\"elementor-image-box-content\"><h5 class=\"elementor-image-box-title\">Melhores Ofertas<\/h5><p class=\"elementor-image-box-description\">Economize em suas compras, com pe\u00e7as de excelente qualidade<\/p><\/div><\/div>\t\t<\/div>\n\t\t\t\t<\/div>\n\t\t\t\t\t<\/div>\n\t\t<\/div>\n\t\t\t\t<div class=\"elementor-column elementor-col-25 elementor-inner-column elementor-element elementor-element-c20f7ce\" data-id=\"c20f7ce\" data-element_type=\"column\">\n\t\t\t<div class=\"elementor-widget-wrap elementor-element-populated\">\n\t\t\t\t\t\t\t\t<div class=\"elementor-element elementor-element-722efdc elementor-position-top elementor-vertical-align-top elementor-widget elementor-widget-image-box\" data-id=\"722efdc\" data-element_type=\"widget\" data-widget_type=\"image-box.default\">\n\t\t\t\t<div class=\"elementor-widget-container\">\n\t\t\t<div class=\"elementor-image-box-wrapper\"><figure class=\"elementor-image-box-img\"><img width=\"120\" height=\"120\" src=\"https:\/\/atelie.isisdandara.com\/wp-content\/uploads\/2018\/12\/lock-free-img.png\" class=\"attachment-full size-full\" alt=\"\" loading=\"lazy\" \/><\/figure><div class=\"elementor-image-box-content\"><h5 class=\"elementor-image-box-title\">Pagamentos Seguros<\/h5><p class=\"elementor-image-box-description\">Contamos com um dos mais seguros Gateways de Pagamentos.<\/p><\/div><\/div>\t\t<\/div>\n\t\t\t\t<\/div>\n\t\t\t\t\t<\/div>\n\t\t<\/div>\n\t\t\t\t\t\t\t<\/div>\n\t\t<\/section>\n\t\t\t\t\t<\/div>\n\t\t<\/div>\n\t\t\t\t\t\t\t<\/div>\n\t\t<\/section>\n\t\t\t\t\t\t\t<\/div>\n\t\t","protected":false},"excerpt":{"rendered":"<p>Contate-Nos Perguntas, coment\u00e1rios? Voc\u00ea nos diz. N\u00f3s ouvimos. Email: sac.atelie@isisdandara.com Envio Para Todo Brasil Enviamos nossos produtos para todo o pa\u00eds atrav\u00e9s do Correios. Melhor Qualidade Utilizamos materiais selecionados para atingir a mais alta qualidade. Melhores Ofertas Economize em suas compras, com pe\u00e7as de excelente qualidade Pagamentos Seguros Contamos com um dos mais seguros Gateways &hellip;<\/p>\n<p class=\"read-more\"> <a class=\"\" href=\"https:\/\/atelie.isisdandara.com\/index.php\/contact-us\/\"> <span class=\"screen-reader-text\">Contato<\/span> Leia mais &raquo;<\/a><\/p>\n","protected":false},"author":1,"featured_media":0,"parent":0,"menu_order":0,"comment_status":"closed","ping_status":"closed","template":"","meta":{"_mi_skip_tracking":false,"site-sidebar-layout":"no-sidebar","site-content-layout":"page-builder","ast-main-header-display":"","ast-hfb-above-header-display":"","ast-hfb-below-header-display":"","ast-hfb-mobile-header-display":"","site-post-title":"disabled","ast-breadcrumbs-content":"","ast-featured-img":"disabled","footer-sml-layout":"","theme-transparent-header-meta":"enabled","adv-header-id-meta":"","stick-header-meta":"","header-above-stick-meta":"","header-main-stick-meta":"","header-below-stick-meta":""},"yoast_head":"<!-- This site is optimized with the Yoast SEO plugin v17.9 - https:\/\/yoast.com\/wordpress\/plugins\/seo\/ -->\n<title>Contato - Ateli\u00ea Isis Dandara<\/title>\n<meta name=\"robots\" content=\"index, follow, max-snippet:-1, max-image-preview:large, max-video-preview:-1\" \/>\n<link rel=\"canonical\" href=\"https:\/\/atelie.isisdandara.com\/index.php\/contact-us\/\" \/>\n<meta property=\"og:locale\" content=\"pt_BR\" \/>\n<meta property=\"og:type\" content=\"article\" \/>\n<meta property=\"og:title\" content=\"Contato - Ateli\u00ea Isis Dandara\" \/>\n<meta property=\"og:description\" content=\"Contate-Nos Perguntas, coment\u00e1rios? Voc\u00ea nos diz. N\u00f3s ouvimos. Email: sac.atelie@isisdandara.com Envio Para Todo Brasil Enviamos nossos produtos para todo o pa\u00eds atrav\u00e9s do Correios. Melhor Qualidade Utilizamos materiais selecionados para atingir a mais alta qualidade. Melhores Ofertas Economize em suas compras, com pe\u00e7as de excelente qualidade Pagamentos Seguros Contamos com um dos mais seguros Gateways &hellip; Contato Leia mais &raquo;\" \/>\n<meta property=\"og:url\" content=\"https:\/\/atelie.isisdandara.com\/index.php\/contact-us\/\" \/>\n<meta property=\"og:site_name\" content=\"Ateli\u00ea Isis Dandara\" \/>\n<meta property=\"article:modified_time\" content=\"2021-07-13T20:30:59+00:00\" \/>\n<meta property=\"og:image\" content=\"http:\/\/atelie.isisdandara.com\/wp-content\/uploads\/2018\/12\/globe-free-img.png\" \/>\n<meta name=\"twitter:card\" content=\"summary_large_image\" \/>\n<meta name=\"twitter:label1\" content=\"Est. tempo de leitura\" \/>\n\t<meta name=\"twitter:data1\" content=\"2 minutos\" \/>\n<script type=\"application\/ld+json\" class=\"yoast-schema-graph\">{\"@context\":\"https:\/\/schema.org\",\"@graph\":[{\"@type\":\"WebSite\",\"@id\":\"https:\/\/atelie.isisdandara.com\/#website\",\"url\":\"https:\/\/atelie.isisdandara.com\/\",\"name\":\"Ateli\\u00ea Isis Dandara\",\"description\":\"Pe\\u00e7as inspiradas no universo da dan\\u00e7a!\",\"potentialAction\":[{\"@type\":\"SearchAction\",\"target\":{\"@type\":\"EntryPoint\",\"urlTemplate\":\"https:\/\/atelie.isisdandara.com\/?s={search_term_string}\"},\"query-input\":\"required name=search_term_string\"}],\"inLanguage\":\"pt-BR\"},{\"@type\":\"ImageObject\",\"@id\":\"https:\/\/atelie.isisdandara.com\/index.php\/contact-us\/#primaryimage\",\"inLanguage\":\"pt-BR\",\"url\":\"http:\/\/atelie.isisdandara.com\/wp-content\/uploads\/2018\/12\/globe-free-img.png\",\"contentUrl\":\"http:\/\/atelie.isisdandara.com\/wp-content\/uploads\/2018\/12\/globe-free-img.png\"},{\"@type\":\"WebPage\",\"@id\":\"https:\/\/atelie.isisdandara.com\/index.php\/contact-us\/#webpage\",\"url\":\"https:\/\/atelie.isisdandara.com\/index.php\/contact-us\/\",\"name\":\"Contato - Ateli\\u00ea Isis Dandara\",\"isPartOf\":{\"@id\":\"https:\/\/atelie.isisdandara.com\/#website\"},\"primaryImageOfPage\":{\"@id\":\"https:\/\/atelie.isisdandara.com\/index.php\/contact-us\/#primaryimage\"},\"datePublished\":\"2017-12-21T09:00:47+00:00\",\"dateModified\":\"2021-07-13T20:30:59+00:00\",\"breadcrumb\":{\"@id\":\"https:\/\/atelie.isisdandara.com\/index.php\/contact-us\/#breadcrumb\"},\"inLanguage\":\"pt-BR\",\"potentialAction\":[{\"@type\":\"ReadAction\",\"target\":[\"https:\/\/atelie.isisdandara.com\/index.php\/contact-us\/\"]}]},{\"@type\":\"BreadcrumbList\",\"@id\":\"https:\/\/atelie.isisdandara.com\/index.php\/contact-us\/#breadcrumb\",\"itemListElement\":[{\"@type\":\"ListItem\",\"position\":1,\"name\":\"In\\u00edcio\",\"item\":\"https:\/\/atelie.isisdandara.com\/\"},{\"@type\":\"ListItem\",\"position\":2,\"name\":\"Contato\"}]}]}<\/script>\n<!-- \/ Yoast SEO plugin. -->","yoast_head_json":{"title":"Contato - Ateli\u00ea Isis Dandara","robots":{"index":"index","follow":"follow","max-snippet":"max-snippet:-1","max-image-preview":"max-image-preview:large","max-video-preview":"max-video-preview:-1"},"canonical":"https:\/\/atelie.isisdandara.com\/index.php\/contact-us\/","og_locale":"pt_BR","og_type":"article","og_title":"Contato - Ateli\u00ea Isis Dandara","og_description":"Contate-Nos Perguntas, coment\u00e1rios? Voc\u00ea nos diz. N\u00f3s ouvimos. Email: sac.atelie@isisdandara.com Envio Para Todo Brasil Enviamos nossos produtos para todo o pa\u00eds atrav\u00e9s do Correios. Melhor Qualidade Utilizamos materiais selecionados para atingir a mais alta qualidade. Melhores Ofertas Economize em suas compras, com pe\u00e7as de excelente qualidade Pagamentos Seguros Contamos com um dos mais seguros Gateways &hellip; Contato Leia mais &raquo;","og_url":"https:\/\/atelie.isisdandara.com\/index.php\/contact-us\/","og_site_name":"Ateli\u00ea Isis Dandara","article_modified_time":"2021-07-13T20:30:59+00:00","og_image":[{"url":"http:\/\/atelie.isisdandara.com\/wp-content\/uploads\/2018\/12\/globe-free-img.png"}],"twitter_card":"summary_large_image","twitter_misc":{"Est. tempo de leitura":"2 minutos"},"schema":{"@context":"https:\/\/schema.org","@graph":[{"@type":"WebSite","@id":"https:\/\/atelie.isisdandara.com\/#website","url":"https:\/\/atelie.isisdandara.com\/","name":"Ateli\u00ea Isis Dandara","description":"Pe\u00e7as inspiradas no universo da dan\u00e7a!","potentialAction":[{"@type":"SearchAction","target":{"@type":"EntryPoint","urlTemplate":"https:\/\/atelie.isisdandara.com\/?s={search_term_string}"},"query-input":"required name=search_term_string"}],"inLanguage":"pt-BR"},{"@type":"ImageObject","@id":"https:\/\/atelie.isisdandara.com\/index.php\/contact-us\/#primaryimage","inLanguage":"pt-BR","url":"http:\/\/atelie.isisdandara.com\/wp-content\/uploads\/2018\/12\/globe-free-img.png","contentUrl":"http:\/\/atelie.isisdandara.com\/wp-content\/uploads\/2018\/12\/globe-free-img.png"},{"@type":"WebPage","@id":"https:\/\/atelie.isisdandara.com\/index.php\/contact-us\/#webpage","url":"https:\/\/atelie.isisdandara.com\/index.php\/contact-us\/","name":"Contato - Ateli\u00ea Isis Dandara","isPartOf":{"@id":"https:\/\/atelie.isisdandara.com\/#website"},"primaryImageOfPage":{"@id":"https:\/\/atelie.isisdandara.com\/index.php\/contact-us\/#primaryimage"},"datePublished":"2017-12-21T09:00:47+00:00","dateModified":"2021-07-13T20:30:59+00:00","breadcrumb":{"@id":"https:\/\/atelie.isisdandara.com\/index.php\/contact-us\/#breadcrumb"},"inLanguage":"pt-BR","potentialAction":[{"@type":"ReadAction","target":["https:\/\/atelie.isisdandara.com\/index.php\/contact-us\/"]}]},{"@type":"BreadcrumbList","@id":"https:\/\/atelie.isisdandara.com\/index.php\/contact-us\/#breadcrumb","itemListElement":[{"@type":"ListItem","position":1,"name":"In\u00edcio","item":"https:\/\/atelie.isisdandara.com\/"},{"@type":"ListItem","position":2,"name":"Contato"}]}]}},"_links":{"self":[{"href":"https:\/\/atelie.isisdandara.com\/index.php\/wp-json\/wp\/v2\/pages\/414"}],"collection":[{"href":"https:\/\/atelie.isisdandara.com\/index.php\/wp-json\/wp\/v2\/pages"}],"about":[{"href":"https:\/\/atelie.isisdandara.com\/index.php\/wp-json\/wp\/v2\/types\/page"}],"author":[{"embeddable":true,"href":"https:\/\/atelie.isisdandara.com\/index.php\/wp-json\/wp\/v2\/users\/1"}],"replies":[{"embeddable":true,"href":"https:\/\/atelie.isisdandara.com\/index.php\/wp-json\/wp\/v2\/comments?post=414"}],"version-history":[{"count":16,"href":"https:\/\/atelie.isisdandara.com\/index.php\/wp-json\/wp\/v2\/pages\/414\/revisions"}],"predecessor-version":[{"id":3223,"href":"https:\/\/atelie.isisdandara.com\/index.php\/wp-json\/wp\/v2\/pages\/414\/revisions\/3223"}],"wp:attachment":[{"href":"https:\/\/atelie.isisdandara.com\/index.php\/wp-json\/wp\/v2\/media?parent=414"}],"curies":[{"name":"wp","href":"https:\/\/api.w.org\/{rel}","templated":true}]}}