{"id":3142,"date":"2021-07-12T00:49:57","date_gmt":"2021-07-12T03:49:57","guid":{"rendered":"https:\/\/atelie.isisdandara.com\/?post_type=product&#038;p=3142"},"modified":"2022-01-22T13:40:06","modified_gmt":"2022-01-22T16:40:06","slug":"earcuff-astral","status":"publish","type":"product","link":"https:\/\/atelie.isisdandara.com\/index.php\/product\/earcuff-astral\/","title":{"rendered":"Earcuff Astral"},"content":{"rendered":"<h2><b>Descri\u00e7\u00e3o Earcuff Astral<br \/>\n<\/b><\/h2>\n<p>Antes de mais nada, o Earcuff Astral, \u00e9 uma pe\u00e7a <strong>Artesanal<\/strong> ao mesmo tempo vers\u00e1til. Um excelente <a style=\"color: #0274be !important;\" href=\"https:\/\/atelie.isisdandara.com\/index.php\/product-category\/accessories\/\" target=\"_blank\" rel=\"noopener\">acess\u00f3rio<\/a> de orelhas para figurinos de dan\u00e7as, bem como looks casuais, r\u00e1pidos e bonitos!<br \/>\nVoc\u00ea obter\u00e1 uma pe\u00e7a suave e fluida para qualquer finalidade &#8211; desde <a style=\"color: #0274be !important;\" href=\"https:\/\/www.isisdandara.com\/eventos\/\" target=\"_blank\" rel=\"noopener\">eventos de dan\u00e7as<\/a> a eventos casuais e formais.<\/p>\n<h3>Earcuff Seguro Para a Orelha<\/h3>\n<p>Feito de material met\u00e1lico que o torna flex\u00edvel e suave para sua orelha.<br \/>\nN\u00e3o danifica e adapta-se ao formato da orelha.<\/p>\n<h3>Como Usar<\/h3>\n<p>Primeiramente, prenda o cabelo.<br \/>\nEm seguida, encaixe a parte de cima da pe\u00e7a na orelha e subsequentemente encaixe a\u00a0 parte de baixo.<br \/>\nCaso necessite, ajuste a pe\u00e7a no formato da sua orelha.<\/p>\n<hr \/>\n<p><span style=\"font-weight: 400;\">Cor: Prata<br \/>\nMaterial: Metal<br \/>\nTamanho: cerca de 16cm de comprimento, 7cm de largura<br \/>\nPeso (apenas a pe\u00e7a): 14g<br \/>\nLado: Orelha direita<br \/>\nInclu\u00eddo no Pacote: 1 pe\u00e7a\u00a0<\/span><\/p>\n<p>&nbsp;<\/p>\n","protected":false},"excerpt":{"rendered":"<p>O Earcuff Astral, \u00e9 uma pe\u00e7a <strong>Artesanal<\/strong> ao mesmo tempo vers\u00e1til. Um excelente acess\u00f3rio de orelhas para figurinos de dan\u00e7as, bem como looks casuais, r\u00e1pidos e bonitos!<br \/>\nVoc\u00ea obter\u00e1 uma pe\u00e7a suave e fluida para qualquer finalidade &#8211; desde eventos de dan\u00e7as a eventos casuais e formais.<\/p>\n","protected":false},"featured_media":3143,"comment_status":"open","ping_status":"closed","template":"","meta":{"_mi_skip_tracking":false,"site-sidebar-layout":"default","site-content-layout":"default","ast-main-header-display":"","ast-hfb-above-header-display":"","ast-hfb-below-header-display":"","ast-hfb-mobile-header-display":"","site-post-title":"","ast-breadcrumbs-content":"","ast-featured-img":"","footer-sml-layout":"","theme-transparent-header-meta":"default","adv-header-id-meta":"","stick-header-meta":"","header-above-stick-meta":"","header-main-stick-meta":"","header-below-stick-meta":""},"product_cat":[24,40],"product_tag":[41],"yoast_head":"<!-- This site is optimized with the Yoast SEO plugin v17.9 - https:\/\/yoast.com\/wordpress\/plugins\/seo\/ -->\n<title>Earcuff Astral - Ateli\u00ea Isis Dandara<\/title>\n<meta name=\"description\" content=\"O Earcuff Astral, \u00e9 uma pe\u00e7a Artesanal ao mesmo tempo vers\u00e1til. Um excelente acess\u00f3rio de orelhas para figurinos de dan\u00e7as e looks!\" \/>\n<meta name=\"robots\" content=\"index, follow, max-snippet:-1, max-image-preview:large, max-video-preview:-1\" \/>\n<link rel=\"canonical\" href=\"https:\/\/atelie.isisdandara.com\/index.php\/product\/earcuff-astral\/\" \/>\n<meta property=\"og:locale\" content=\"pt_BR\" \/>\n<meta property=\"og:type\" content=\"article\" \/>\n<meta property=\"og:title\" content=\"Earcuff Astral - Ateli\u00ea Isis Dandara\" \/>\n<meta property=\"og:description\" content=\"O Earcuff Astral, \u00e9 uma pe\u00e7a Artesanal ao mesmo tempo vers\u00e1til. Um excelente acess\u00f3rio de orelhas para figurinos de dan\u00e7as e looks!\" \/>\n<meta property=\"og:url\" content=\"https:\/\/atelie.isisdandara.com\/index.php\/product\/earcuff-astral\/\" \/>\n<meta property=\"og:site_name\" content=\"Ateli\u00ea Isis Dandara\" \/>\n<meta property=\"article:modified_time\" content=\"2022-01-22T16:40:06+00:00\" \/>\n<meta property=\"og:image\" content=\"http:\/\/atelie.isisdandara.com\/wp-content\/uploads\/2021\/07\/20210706_110703-scaled.jpg\" \/>\n\t<meta property=\"og:image:width\" content=\"1920\" \/>\n\t<meta property=\"og:image:height\" content=\"2560\" \/>\n\t<meta property=\"og:image:type\" content=\"image\/jpeg\" \/>\n<meta name=\"twitter:card\" content=\"summary_large_image\" \/>\n<meta name=\"twitter:label1\" content=\"Est. tempo de leitura\" \/>\n\t<meta name=\"twitter:data1\" content=\"1 minuto\" \/>\n<script type=\"application\/ld+json\" class=\"yoast-schema-graph\">{\"@context\":\"https:\/\/schema.org\",\"@graph\":[{\"@type\":\"WebSite\",\"@id\":\"https:\/\/atelie.isisdandara.com\/#website\",\"url\":\"https:\/\/atelie.isisdandara.com\/\",\"name\":\"Ateli\\u00ea Isis Dandara\",\"description\":\"Pe\\u00e7as inspiradas no universo da dan\\u00e7a!\",\"potentialAction\":[{\"@type\":\"SearchAction\",\"target\":{\"@type\":\"EntryPoint\",\"urlTemplate\":\"https:\/\/atelie.isisdandara.com\/?s={search_term_string}\"},\"query-input\":\"required name=search_term_string\"}],\"inLanguage\":\"pt-BR\"},{\"@type\":\"ImageObject\",\"@id\":\"https:\/\/atelie.isisdandara.com\/index.php\/product\/earcuff-astral\/#primaryimage\",\"inLanguage\":\"pt-BR\",\"url\":\"https:\/\/atelie.isisdandara.com\/wp-content\/uploads\/2021\/07\/20210706_110703-scaled.jpg\",\"contentUrl\":\"https:\/\/atelie.isisdandara.com\/wp-content\/uploads\/2021\/07\/20210706_110703-scaled.jpg\",\"width\":1920,\"height\":2560,\"caption\":\"Earcuff Astral\"},{\"@type\":\"WebPage\",\"@id\":\"https:\/\/atelie.isisdandara.com\/index.php\/product\/earcuff-astral\/#webpage\",\"url\":\"https:\/\/atelie.isisdandara.com\/index.php\/product\/earcuff-astral\/\",\"name\":\"Earcuff Astral - Ateli\\u00ea Isis Dandara\",\"isPartOf\":{\"@id\":\"https:\/\/atelie.isisdandara.com\/#website\"},\"primaryImageOfPage\":{\"@id\":\"https:\/\/atelie.isisdandara.com\/index.php\/product\/earcuff-astral\/#primaryimage\"},\"datePublished\":\"2021-07-12T03:49:57+00:00\",\"dateModified\":\"2022-01-22T16:40:06+00:00\",\"description\":\"O Earcuff Astral, \\u00e9 uma pe\\u00e7a Artesanal ao mesmo tempo vers\\u00e1til. Um excelente acess\\u00f3rio de orelhas para figurinos de dan\\u00e7as e looks!\",\"breadcrumb\":{\"@id\":\"https:\/\/atelie.isisdandara.com\/index.php\/product\/earcuff-astral\/#breadcrumb\"},\"inLanguage\":\"pt-BR\",\"potentialAction\":[{\"@type\":\"ReadAction\",\"target\":[\"https:\/\/atelie.isisdandara.com\/index.php\/product\/earcuff-astral\/\"]}]},{\"@type\":\"BreadcrumbList\",\"@id\":\"https:\/\/atelie.isisdandara.com\/index.php\/product\/earcuff-astral\/#breadcrumb\",\"itemListElement\":[{\"@type\":\"ListItem\",\"position\":1,\"name\":\"In\\u00edcio\",\"item\":\"https:\/\/atelie.isisdandara.com\/\"},{\"@type\":\"ListItem\",\"position\":2,\"name\":\"Store\",\"item\":\"https:\/\/atelie.isisdandara.com\/index.php\/store\/\"},{\"@type\":\"ListItem\",\"position\":3,\"name\":\"Earcuff Astral\"}]}]}<\/script>\n<!-- \/ Yoast SEO plugin. -->","yoast_head_json":{"title":"Earcuff Astral - Ateli\u00ea Isis Dandara","description":"O Earcuff Astral, \u00e9 uma pe\u00e7a Artesanal ao mesmo tempo vers\u00e1til. Um excelente acess\u00f3rio de orelhas para figurinos de dan\u00e7as e looks!","robots":{"index":"index","follow":"follow","max-snippet":"max-snippet:-1","max-image-preview":"max-image-preview:large","max-video-preview":"max-video-preview:-1"},"canonical":"https:\/\/atelie.isisdandara.com\/index.php\/product\/earcuff-astral\/","og_locale":"pt_BR","og_type":"article","og_title":"Earcuff Astral - Ateli\u00ea Isis Dandara","og_description":"O Earcuff Astral, \u00e9 uma pe\u00e7a Artesanal ao mesmo tempo vers\u00e1til. Um excelente acess\u00f3rio de orelhas para figurinos de dan\u00e7as e looks!","og_url":"https:\/\/atelie.isisdandara.com\/index.php\/product\/earcuff-astral\/","og_site_name":"Ateli\u00ea Isis Dandara","article_modified_time":"2022-01-22T16:40:06+00:00","og_image":[{"width":1920,"height":2560,"url":"http:\/\/atelie.isisdandara.com\/wp-content\/uploads\/2021\/07\/20210706_110703-scaled.jpg","type":"image\/jpeg"}],"twitter_card":"summary_large_image","twitter_misc":{"Est. tempo de leitura":"1 minuto"},"schema":{"@context":"https:\/\/schema.org","@graph":[{"@type":"WebSite","@id":"https:\/\/atelie.isisdandara.com\/#website","url":"https:\/\/atelie.isisdandara.com\/","name":"Ateli\u00ea Isis Dandara","description":"Pe\u00e7as inspiradas no universo da dan\u00e7a!","potentialAction":[{"@type":"SearchAction","target":{"@type":"EntryPoint","urlTemplate":"https:\/\/atelie.isisdandara.com\/?s={search_term_string}"},"query-input":"required name=search_term_string"}],"inLanguage":"pt-BR"},{"@type":"ImageObject","@id":"https:\/\/atelie.isisdandara.com\/index.php\/product\/earcuff-astral\/#primaryimage","inLanguage":"pt-BR","url":"https:\/\/atelie.isisdandara.com\/wp-content\/uploads\/2021\/07\/20210706_110703-scaled.jpg","contentUrl":"https:\/\/atelie.isisdandara.com\/wp-content\/uploads\/2021\/07\/20210706_110703-scaled.jpg","width":1920,"height":2560,"caption":"Earcuff Astral"},{"@type":"WebPage","@id":"https:\/\/atelie.isisdandara.com\/index.php\/product\/earcuff-astral\/#webpage","url":"https:\/\/atelie.isisdandara.com\/index.php\/product\/earcuff-astral\/","name":"Earcuff Astral - Ateli\u00ea Isis Dandara","isPartOf":{"@id":"https:\/\/atelie.isisdandara.com\/#website"},"primaryImageOfPage":{"@id":"https:\/\/atelie.isisdandara.com\/index.php\/product\/earcuff-astral\/#primaryimage"},"datePublished":"2021-07-12T03:49:57+00:00","dateModified":"2022-01-22T16:40:06+00:00","description":"O Earcuff Astral, \u00e9 uma pe\u00e7a Artesanal ao mesmo tempo vers\u00e1til. Um excelente acess\u00f3rio de orelhas para figurinos de dan\u00e7as e looks!","breadcrumb":{"@id":"https:\/\/atelie.isisdandara.com\/index.php\/product\/earcuff-astral\/#breadcrumb"},"inLanguage":"pt-BR","potentialAction":[{"@type":"ReadAction","target":["https:\/\/atelie.isisdandara.com\/index.php\/product\/earcuff-astral\/"]}]},{"@type":"BreadcrumbList","@id":"https:\/\/atelie.isisdandara.com\/index.php\/product\/earcuff-astral\/#breadcrumb","itemListElement":[{"@type":"ListItem","position":1,"name":"In\u00edcio","item":"https:\/\/atelie.isisdandara.com\/"},{"@type":"ListItem","position":2,"name":"Store","item":"https:\/\/atelie.isisdandara.com\/index.php\/store\/"},{"@type":"ListItem","position":3,"name":"Earcuff Astral"}]}]}},"_links":{"self":[{"href":"https:\/\/atelie.isisdandara.com\/index.php\/wp-json\/wp\/v2\/product\/3142"}],"collection":[{"href":"https:\/\/atelie.isisdandara.com\/index.php\/wp-json\/wp\/v2\/product"}],"about":[{"href":"https:\/\/atelie.isisdandara.com\/index.php\/wp-json\/wp\/v2\/types\/product"}],"replies":[{"embeddable":true,"href":"https:\/\/atelie.isisdandara.com\/index.php\/wp-json\/wp\/v2\/comments?post=3142"}],"version-history":[{"count":7,"href":"https:\/\/atelie.isisdandara.com\/index.php\/wp-json\/wp\/v2\/product\/3142\/revisions"}],"predecessor-version":[{"id":3158,"href":"https:\/\/atelie.isisdandara.com\/index.php\/wp-json\/wp\/v2\/product\/3142\/revisions\/3158"}],"wp:featuredmedia":[{"embeddable":true,"href":"https:\/\/atelie.isisdandara.com\/index.php\/wp-json\/wp\/v2\/media\/3143"}],"wp:attachment":[{"href":"https:\/\/atelie.isisdandara.com\/index.php\/wp-json\/wp\/v2\/media?parent=3142"}],"wp:term":[{"taxonomy":"product_cat","embeddable":true,"href":"https:\/\/atelie.isisdandara.com\/index.php\/wp-json\/wp\/v2\/product_cat?post=3142"},{"taxonomy":"product_tag","embeddable":true,"href":"https:\/\/atelie.isisdandara.com\/index.php\/wp-json\/wp\/v2\/product_tag?post=3142"}],"curies":[{"name":"wp","href":"https:\/\/api.w.org\/{rel}","templated":true}]}}