{"id":3320,"date":"2021-07-26T19:48:41","date_gmt":"2021-07-26T22:48:41","guid":{"rendered":"https:\/\/atelie.isisdandara.com\/?post_type=product&#038;p=3320"},"modified":"2022-01-22T13:36:33","modified_gmt":"2022-01-22T16:36:33","slug":"body-chain-camila","status":"publish","type":"product","link":"https:\/\/atelie.isisdandara.com\/index.php\/product\/body-chain-camila\/","title":{"rendered":"Body Chain Camila"},"content":{"rendered":"<h2><strong>Body Chain Camila<br \/>\n<\/strong><\/h2>\n<p>Antes de mais nada, o Body Chain Camila, \u00e9 uma pe\u00e7a <strong>Artesanal<\/strong> ao mesmo tempo vers\u00e1til. Um excelente acess\u00f3rio de tronco para compor figurinos de dan\u00e7as, seja como for seus looks casuais, r\u00e1pidos e bonitos!<br \/>\nVoc\u00ea obter\u00e1 uma pe\u00e7a que abra\u00e7a o seu corpo para qualquer finalidade &#8211; desde eventos de dan\u00e7as a eventos casuais e formais. Assim como as demais pe\u00e7as da cole\u00e7\u00e3o <a style=\"color: #0274be !important;\" href=\"https:\/\/atelie.isisdandara.com\/index.php\/product-category\/colecoes\/mulheres-da-danca\/\" target=\"_blank\" rel=\"noopener\">Mulheres da Dan\u00e7a<\/a>, esta pe\u00e7a \u00e9 baseada em uma artista presente no contexto da dan\u00e7a, em particular a artista <a href=\"https:\/\/www.instagram.com\/cafencamomila\/\" target=\"_blank\" rel=\"noopener\">Camila Souza<\/a>.<\/p>\n<h3>Composi\u00e7\u00e3o<\/h3>\n<p><span style=\"font-weight: 400;\">Feito de material met\u00e1lico que abra\u00e7a o seu corpo.<\/span><span style=\"font-weight: 400;\"><br \/>\n<\/span><\/p>\n<hr \/>\n<h4>Detalhes da pe\u00e7a<\/h4>\n<p><span style=\"font-weight: 400;\">Cor: Prata<br \/>\nMaterial: Metal<br \/>\nTamanho: M<br \/>\nPeso (apenas a pe\u00e7a): 113g<br \/>\nInclu\u00eddo no Pacote: 1 pe\u00e7a<\/span><\/p>\n","protected":false},"excerpt":{"rendered":"<p>Antes de mais nada, o Body Chain Camila, \u00e9 uma pe\u00e7a <strong>Artesanal<\/strong> ao mesmo tempo vers\u00e1til. Um excelente acess\u00f3rio de tronco para compor figurinos de dan\u00e7as, seja como for seus looks casuais, r\u00e1pidos e bonitos!<br \/>\nVoc\u00ea obter\u00e1 uma pe\u00e7a que abra\u00e7a o seu corpo para qualquer finalidade &#8211; desde eventos de dan\u00e7as a eventos casuais e formais. Assim como as demais pe\u00e7as da cole\u00e7\u00e3o <a style=\"color: #0274be !important;\" href=\"https:\/\/atelie.isisdandara.com\/index.php\/product-category\/colecoes\/mulheres-da-danca\/\" target=\"_blank\" rel=\"noopener\">Mulheres da Dan\u00e7a<\/a>, esta pe\u00e7a \u00e9 baseada em uma artista presente no contexto da dan\u00e7a, em particular a artista <a href=\"https:\/\/www.instagram.com\/cafencamomila\/\" target=\"_blank\" rel=\"noopener\">Camila Souza<\/a>.<\/p>\n","protected":false},"featured_media":3321,"comment_status":"open","ping_status":"closed","template":"","meta":{"_mi_skip_tracking":false,"site-sidebar-layout":"default","site-content-layout":"default","ast-main-header-display":"","ast-hfb-above-header-display":"","ast-hfb-below-header-display":"","ast-hfb-mobile-header-display":"","site-post-title":"","ast-breadcrumbs-content":"","ast-featured-img":"","footer-sml-layout":"","theme-transparent-header-meta":"default","adv-header-id-meta":"","stick-header-meta":"","header-above-stick-meta":"","header-main-stick-meta":"","header-below-stick-meta":""},"product_cat":[24,48,46,47],"product_tag":[41],"yoast_head":"<!-- This site is optimized with the Yoast SEO plugin v17.9 - https:\/\/yoast.com\/wordpress\/plugins\/seo\/ -->\n<title>Body Chain Camila - Ateli\u00ea Isis Dandara<\/title>\n<meta name=\"description\" content=\"Antes de mais nada, o Body Chain Camila, \u00e9 uma pe\u00e7a Artesanal ao mesmo tempo vers\u00e1til. Um excelente acess\u00f3rio de tronco para compor figurinos\" \/>\n<meta name=\"robots\" content=\"index, follow, max-snippet:-1, max-image-preview:large, max-video-preview:-1\" \/>\n<link rel=\"canonical\" href=\"https:\/\/atelie.isisdandara.com\/index.php\/product\/body-chain-camila\/\" \/>\n<meta property=\"og:locale\" content=\"pt_BR\" \/>\n<meta property=\"og:type\" content=\"article\" \/>\n<meta property=\"og:title\" content=\"Body Chain Camila - Ateli\u00ea Isis Dandara\" \/>\n<meta property=\"og:description\" content=\"Antes de mais nada, o Body Chain Camila, \u00e9 uma pe\u00e7a Artesanal ao mesmo tempo vers\u00e1til. Um excelente acess\u00f3rio de tronco para compor figurinos\" \/>\n<meta property=\"og:url\" content=\"https:\/\/atelie.isisdandara.com\/index.php\/product\/body-chain-camila\/\" \/>\n<meta property=\"og:site_name\" content=\"Ateli\u00ea Isis Dandara\" \/>\n<meta property=\"article:modified_time\" content=\"2022-01-22T16:36:33+00:00\" \/>\n<meta property=\"og:image\" content=\"http:\/\/atelie.isisdandara.com\/wp-content\/uploads\/2021\/07\/capa_bodychain-scaled.jpg\" \/>\n\t<meta property=\"og:image:width\" content=\"2288\" \/>\n\t<meta property=\"og:image:height\" content=\"2560\" \/>\n\t<meta property=\"og:image:type\" content=\"image\/jpeg\" \/>\n<meta name=\"twitter:card\" content=\"summary_large_image\" \/>\n<meta name=\"twitter:label1\" content=\"Est. tempo de leitura\" \/>\n\t<meta name=\"twitter:data1\" content=\"1 minuto\" \/>\n<script type=\"application\/ld+json\" class=\"yoast-schema-graph\">{\"@context\":\"https:\/\/schema.org\",\"@graph\":[{\"@type\":\"WebSite\",\"@id\":\"https:\/\/atelie.isisdandara.com\/#website\",\"url\":\"https:\/\/atelie.isisdandara.com\/\",\"name\":\"Ateli\\u00ea Isis Dandara\",\"description\":\"Pe\\u00e7as inspiradas no universo da dan\\u00e7a!\",\"potentialAction\":[{\"@type\":\"SearchAction\",\"target\":{\"@type\":\"EntryPoint\",\"urlTemplate\":\"https:\/\/atelie.isisdandara.com\/?s={search_term_string}\"},\"query-input\":\"required name=search_term_string\"}],\"inLanguage\":\"pt-BR\"},{\"@type\":\"ImageObject\",\"@id\":\"https:\/\/atelie.isisdandara.com\/index.php\/product\/body-chain-camila\/#primaryimage\",\"inLanguage\":\"pt-BR\",\"url\":\"https:\/\/atelie.isisdandara.com\/wp-content\/uploads\/2021\/07\/capa_bodychain-scaled.jpg\",\"contentUrl\":\"https:\/\/atelie.isisdandara.com\/wp-content\/uploads\/2021\/07\/capa_bodychain-scaled.jpg\",\"width\":2288,\"height\":2560,\"caption\":\"Body Chain Camila, pe\\u00e7a da cole\\u00e7\\u00e3o Mulheres da Dan\\u00e7a\"},{\"@type\":\"WebPage\",\"@id\":\"https:\/\/atelie.isisdandara.com\/index.php\/product\/body-chain-camila\/#webpage\",\"url\":\"https:\/\/atelie.isisdandara.com\/index.php\/product\/body-chain-camila\/\",\"name\":\"Body Chain Camila - Ateli\\u00ea Isis Dandara\",\"isPartOf\":{\"@id\":\"https:\/\/atelie.isisdandara.com\/#website\"},\"primaryImageOfPage\":{\"@id\":\"https:\/\/atelie.isisdandara.com\/index.php\/product\/body-chain-camila\/#primaryimage\"},\"datePublished\":\"2021-07-26T22:48:41+00:00\",\"dateModified\":\"2022-01-22T16:36:33+00:00\",\"description\":\"Antes de mais nada, o Body Chain Camila, \\u00e9 uma pe\\u00e7a Artesanal ao mesmo tempo vers\\u00e1til. Um excelente acess\\u00f3rio de tronco para compor figurinos\",\"breadcrumb\":{\"@id\":\"https:\/\/atelie.isisdandara.com\/index.php\/product\/body-chain-camila\/#breadcrumb\"},\"inLanguage\":\"pt-BR\",\"potentialAction\":[{\"@type\":\"ReadAction\",\"target\":[\"https:\/\/atelie.isisdandara.com\/index.php\/product\/body-chain-camila\/\"]}]},{\"@type\":\"BreadcrumbList\",\"@id\":\"https:\/\/atelie.isisdandara.com\/index.php\/product\/body-chain-camila\/#breadcrumb\",\"itemListElement\":[{\"@type\":\"ListItem\",\"position\":1,\"name\":\"In\\u00edcio\",\"item\":\"https:\/\/atelie.isisdandara.com\/\"},{\"@type\":\"ListItem\",\"position\":2,\"name\":\"Store\",\"item\":\"https:\/\/atelie.isisdandara.com\/index.php\/store\/\"},{\"@type\":\"ListItem\",\"position\":3,\"name\":\"Body Chain Camila\"}]}]}<\/script>\n<!-- \/ Yoast SEO plugin. -->","yoast_head_json":{"title":"Body Chain Camila - Ateli\u00ea Isis Dandara","description":"Antes de mais nada, o Body Chain Camila, \u00e9 uma pe\u00e7a Artesanal ao mesmo tempo vers\u00e1til. Um excelente acess\u00f3rio de tronco para compor figurinos","robots":{"index":"index","follow":"follow","max-snippet":"max-snippet:-1","max-image-preview":"max-image-preview:large","max-video-preview":"max-video-preview:-1"},"canonical":"https:\/\/atelie.isisdandara.com\/index.php\/product\/body-chain-camila\/","og_locale":"pt_BR","og_type":"article","og_title":"Body Chain Camila - Ateli\u00ea Isis Dandara","og_description":"Antes de mais nada, o Body Chain Camila, \u00e9 uma pe\u00e7a Artesanal ao mesmo tempo vers\u00e1til. Um excelente acess\u00f3rio de tronco para compor figurinos","og_url":"https:\/\/atelie.isisdandara.com\/index.php\/product\/body-chain-camila\/","og_site_name":"Ateli\u00ea Isis Dandara","article_modified_time":"2022-01-22T16:36:33+00:00","og_image":[{"width":2288,"height":2560,"url":"http:\/\/atelie.isisdandara.com\/wp-content\/uploads\/2021\/07\/capa_bodychain-scaled.jpg","type":"image\/jpeg"}],"twitter_card":"summary_large_image","twitter_misc":{"Est. tempo de leitura":"1 minuto"},"schema":{"@context":"https:\/\/schema.org","@graph":[{"@type":"WebSite","@id":"https:\/\/atelie.isisdandara.com\/#website","url":"https:\/\/atelie.isisdandara.com\/","name":"Ateli\u00ea Isis Dandara","description":"Pe\u00e7as inspiradas no universo da dan\u00e7a!","potentialAction":[{"@type":"SearchAction","target":{"@type":"EntryPoint","urlTemplate":"https:\/\/atelie.isisdandara.com\/?s={search_term_string}"},"query-input":"required name=search_term_string"}],"inLanguage":"pt-BR"},{"@type":"ImageObject","@id":"https:\/\/atelie.isisdandara.com\/index.php\/product\/body-chain-camila\/#primaryimage","inLanguage":"pt-BR","url":"https:\/\/atelie.isisdandara.com\/wp-content\/uploads\/2021\/07\/capa_bodychain-scaled.jpg","contentUrl":"https:\/\/atelie.isisdandara.com\/wp-content\/uploads\/2021\/07\/capa_bodychain-scaled.jpg","width":2288,"height":2560,"caption":"Body Chain Camila, pe\u00e7a da cole\u00e7\u00e3o Mulheres da Dan\u00e7a"},{"@type":"WebPage","@id":"https:\/\/atelie.isisdandara.com\/index.php\/product\/body-chain-camila\/#webpage","url":"https:\/\/atelie.isisdandara.com\/index.php\/product\/body-chain-camila\/","name":"Body Chain Camila - Ateli\u00ea Isis Dandara","isPartOf":{"@id":"https:\/\/atelie.isisdandara.com\/#website"},"primaryImageOfPage":{"@id":"https:\/\/atelie.isisdandara.com\/index.php\/product\/body-chain-camila\/#primaryimage"},"datePublished":"2021-07-26T22:48:41+00:00","dateModified":"2022-01-22T16:36:33+00:00","description":"Antes de mais nada, o Body Chain Camila, \u00e9 uma pe\u00e7a Artesanal ao mesmo tempo vers\u00e1til. Um excelente acess\u00f3rio de tronco para compor figurinos","breadcrumb":{"@id":"https:\/\/atelie.isisdandara.com\/index.php\/product\/body-chain-camila\/#breadcrumb"},"inLanguage":"pt-BR","potentialAction":[{"@type":"ReadAction","target":["https:\/\/atelie.isisdandara.com\/index.php\/product\/body-chain-camila\/"]}]},{"@type":"BreadcrumbList","@id":"https:\/\/atelie.isisdandara.com\/index.php\/product\/body-chain-camila\/#breadcrumb","itemListElement":[{"@type":"ListItem","position":1,"name":"In\u00edcio","item":"https:\/\/atelie.isisdandara.com\/"},{"@type":"ListItem","position":2,"name":"Store","item":"https:\/\/atelie.isisdandara.com\/index.php\/store\/"},{"@type":"ListItem","position":3,"name":"Body Chain Camila"}]}]}},"_links":{"self":[{"href":"https:\/\/atelie.isisdandara.com\/index.php\/wp-json\/wp\/v2\/product\/3320"}],"collection":[{"href":"https:\/\/atelie.isisdandara.com\/index.php\/wp-json\/wp\/v2\/product"}],"about":[{"href":"https:\/\/atelie.isisdandara.com\/index.php\/wp-json\/wp\/v2\/types\/product"}],"replies":[{"embeddable":true,"href":"https:\/\/atelie.isisdandara.com\/index.php\/wp-json\/wp\/v2\/comments?post=3320"}],"version-history":[{"count":5,"href":"https:\/\/atelie.isisdandara.com\/index.php\/wp-json\/wp\/v2\/product\/3320\/revisions"}],"predecessor-version":[{"id":3389,"href":"https:\/\/atelie.isisdandara.com\/index.php\/wp-json\/wp\/v2\/product\/3320\/revisions\/3389"}],"wp:featuredmedia":[{"embeddable":true,"href":"https:\/\/atelie.isisdandara.com\/index.php\/wp-json\/wp\/v2\/media\/3321"}],"wp:attachment":[{"href":"https:\/\/atelie.isisdandara.com\/index.php\/wp-json\/wp\/v2\/media?parent=3320"}],"wp:term":[{"taxonomy":"product_cat","embeddable":true,"href":"https:\/\/atelie.isisdandara.com\/index.php\/wp-json\/wp\/v2\/product_cat?post=3320"},{"taxonomy":"product_tag","embeddable":true,"href":"https:\/\/atelie.isisdandara.com\/index.php\/wp-json\/wp\/v2\/product_tag?post=3320"}],"curies":[{"name":"wp","href":"https:\/\/api.w.org\/{rel}","templated":true}]}}