{"id":3339,"date":"2021-07-29T08:00:48","date_gmt":"2021-07-29T11:00:48","guid":{"rendered":"https:\/\/atelie.isisdandara.com\/?post_type=product&#038;p=3339"},"modified":"2022-10-06T11:23:32","modified_gmt":"2022-10-06T14:23:32","slug":"presilha-stone-modelo-b","status":"publish","type":"product","link":"https:\/\/atelie.isisdandara.com\/index.php\/product\/presilha-stone-modelo-b\/","title":{"rendered":"Presilha Stone Modelo B"},"content":{"rendered":"<h2><strong>Descri\u00e7\u00e3o Presilha Stone<br \/>\n<\/strong><\/h2>\n<p>Antes de mais nada, a Presilha Stone, \u00e9 uma pe\u00e7a <strong>Artesanal<\/strong> ao mesmo tempo vers\u00e1til. Um excelente <a style=\"color: #0274be !important;\" href=\"https:\/\/atelie.isisdandara.com\/index.php\/product-category\/accessories\/\" target=\"_blank\" rel=\"noopener\">acess\u00f3rio<\/a> de cabe\u00e7a para figurinos de dan\u00e7as, seja como for seus looks casuais, r\u00e1pidos e bonitos!<br \/>\nVoc\u00ea obter\u00e1 uma pe\u00e7a suave e fluida para qualquer finalidade &#8211; desde <a style=\"color: #0274be !important;\" href=\"https:\/\/www.isisdandara.com\/eventos\/\" target=\"_blank\" rel=\"noopener\">eventos de dan\u00e7as<\/a> a eventos casuais e formais.<\/p>\n<h3>Fixa Penteados<\/h3>\n<p><span style=\"font-weight: 400;\">Feito de material met\u00e1lico que o torna resistente, auxiliando na fixa\u00e7\u00e3o do seu penteado do dia-a-dia.<br \/>\n<\/span><\/p>\n<h3>Como Usar<\/h3>\n<p><span style=\"font-weight: 400;\">Primeiramente, fa\u00e7a um penteado .<br \/>\nEm seguida, encaixe a presilha em um movimento de baixo para cima na cabe\u00e7a.<br \/>\nCaso necessite, ajuste a pe\u00e7a.<br \/>\n<\/span><\/p>\n<hr \/>\n<h4>Detalhes Da Presilha<\/h4>\n<p><span style=\"font-weight: 400;\">Cor: Prata<br \/>\nMaterial: Metal, Pedras<br \/>\nTamanho: cerca de 7cm de comprimento, 3cm de largura<br \/>\nPeso (apenas a pe\u00e7a): 20g<br \/>\nInclu\u00eddo no Pacote: 1 pe\u00e7a<\/span><\/p>\n","protected":false},"excerpt":{"rendered":"<p>Antes de mais nada, a Presilha Stone, \u00e9 uma pe\u00e7a Artesanal ao mesmo tempo vers\u00e1til. Um excelente acess\u00f3rio de cabe\u00e7a para figurinos de dan\u00e7as, seja como for seus looks casuais, r\u00e1pidos e bonitos!<\/p>\n","protected":false},"featured_media":3336,"comment_status":"open","ping_status":"closed","template":"","meta":{"_mi_skip_tracking":false,"site-sidebar-layout":"default","site-content-layout":"default","ast-main-header-display":"","ast-hfb-above-header-display":"","ast-hfb-below-header-display":"","ast-hfb-mobile-header-display":"","site-post-title":"","ast-breadcrumbs-content":"","ast-featured-img":"","footer-sml-layout":"","theme-transparent-header-meta":"default","adv-header-id-meta":"","stick-header-meta":"","header-above-stick-meta":"","header-main-stick-meta":"","header-below-stick-meta":""},"product_cat":[24,49],"product_tag":[41,52],"yoast_head":"<!-- This site is optimized with the Yoast SEO plugin v17.9 - https:\/\/yoast.com\/wordpress\/plugins\/seo\/ -->\n<title>Presilha Stone Modelo B - Ateli\u00ea Isis Dandara<\/title>\n<meta name=\"description\" content=\"A Presilha Stone, \u00e9 uma pe\u00e7a artesanal composta de pedras naturais, ao mesmo tempo vers\u00e1til. Um excelente acess\u00f3rio de cabe\u00e7a para figurinos.\" \/>\n<meta name=\"robots\" content=\"index, follow, max-snippet:-1, max-image-preview:large, max-video-preview:-1\" \/>\n<link rel=\"canonical\" href=\"https:\/\/atelie.isisdandara.com\/index.php\/product\/presilha-stone-modelo-b\/\" \/>\n<meta property=\"og:locale\" content=\"pt_BR\" \/>\n<meta property=\"og:type\" content=\"article\" \/>\n<meta property=\"og:title\" content=\"Presilha Stone Modelo B - Ateli\u00ea Isis Dandara\" \/>\n<meta property=\"og:description\" content=\"A Presilha Stone, \u00e9 uma pe\u00e7a artesanal composta de pedras naturais, ao mesmo tempo vers\u00e1til. Um excelente acess\u00f3rio de cabe\u00e7a para figurinos.\" \/>\n<meta property=\"og:url\" content=\"https:\/\/atelie.isisdandara.com\/index.php\/product\/presilha-stone-modelo-b\/\" \/>\n<meta property=\"og:site_name\" content=\"Ateli\u00ea Isis Dandara\" \/>\n<meta property=\"article:modified_time\" content=\"2022-10-06T14:23:32+00:00\" \/>\n<meta property=\"og:image\" content=\"http:\/\/atelie.isisdandara.com\/wp-content\/uploads\/2021\/07\/20210728_205134-scaled.jpg\" \/>\n\t<meta property=\"og:image:width\" content=\"1913\" \/>\n\t<meta property=\"og:image:height\" content=\"2560\" \/>\n\t<meta property=\"og:image:type\" content=\"image\/jpeg\" \/>\n<meta name=\"twitter:card\" content=\"summary_large_image\" \/>\n<meta name=\"twitter:label1\" content=\"Est. tempo de leitura\" \/>\n\t<meta name=\"twitter:data1\" content=\"1 minuto\" \/>\n<script type=\"application\/ld+json\" class=\"yoast-schema-graph\">{\"@context\":\"https:\/\/schema.org\",\"@graph\":[{\"@type\":\"WebSite\",\"@id\":\"https:\/\/atelie.isisdandara.com\/#website\",\"url\":\"https:\/\/atelie.isisdandara.com\/\",\"name\":\"Ateli\\u00ea Isis Dandara\",\"description\":\"Pe\\u00e7as inspiradas no universo da dan\\u00e7a!\",\"potentialAction\":[{\"@type\":\"SearchAction\",\"target\":{\"@type\":\"EntryPoint\",\"urlTemplate\":\"https:\/\/atelie.isisdandara.com\/?s={search_term_string}\"},\"query-input\":\"required name=search_term_string\"}],\"inLanguage\":\"pt-BR\"},{\"@type\":\"ImageObject\",\"@id\":\"https:\/\/atelie.isisdandara.com\/index.php\/product\/presilha-stone-modelo-b\/#primaryimage\",\"inLanguage\":\"pt-BR\",\"url\":\"https:\/\/atelie.isisdandara.com\/wp-content\/uploads\/2021\/07\/20210728_205134-scaled.jpg\",\"contentUrl\":\"https:\/\/atelie.isisdandara.com\/wp-content\/uploads\/2021\/07\/20210728_205134-scaled.jpg\",\"width\":1913,\"height\":2560,\"caption\":\"presilha stone\"},{\"@type\":\"WebPage\",\"@id\":\"https:\/\/atelie.isisdandara.com\/index.php\/product\/presilha-stone-modelo-b\/#webpage\",\"url\":\"https:\/\/atelie.isisdandara.com\/index.php\/product\/presilha-stone-modelo-b\/\",\"name\":\"Presilha Stone Modelo B - Ateli\\u00ea Isis Dandara\",\"isPartOf\":{\"@id\":\"https:\/\/atelie.isisdandara.com\/#website\"},\"primaryImageOfPage\":{\"@id\":\"https:\/\/atelie.isisdandara.com\/index.php\/product\/presilha-stone-modelo-b\/#primaryimage\"},\"datePublished\":\"2021-07-29T11:00:48+00:00\",\"dateModified\":\"2022-10-06T14:23:32+00:00\",\"description\":\"A Presilha Stone, \\u00e9 uma pe\\u00e7a artesanal composta de pedras naturais, ao mesmo tempo vers\\u00e1til. Um excelente acess\\u00f3rio de cabe\\u00e7a para figurinos.\",\"breadcrumb\":{\"@id\":\"https:\/\/atelie.isisdandara.com\/index.php\/product\/presilha-stone-modelo-b\/#breadcrumb\"},\"inLanguage\":\"pt-BR\",\"potentialAction\":[{\"@type\":\"ReadAction\",\"target\":[\"https:\/\/atelie.isisdandara.com\/index.php\/product\/presilha-stone-modelo-b\/\"]}]},{\"@type\":\"BreadcrumbList\",\"@id\":\"https:\/\/atelie.isisdandara.com\/index.php\/product\/presilha-stone-modelo-b\/#breadcrumb\",\"itemListElement\":[{\"@type\":\"ListItem\",\"position\":1,\"name\":\"In\\u00edcio\",\"item\":\"https:\/\/atelie.isisdandara.com\/\"},{\"@type\":\"ListItem\",\"position\":2,\"name\":\"Store\",\"item\":\"https:\/\/atelie.isisdandara.com\/index.php\/store\/\"},{\"@type\":\"ListItem\",\"position\":3,\"name\":\"Presilha Stone Modelo B\"}]}]}<\/script>\n<!-- \/ Yoast SEO plugin. -->","yoast_head_json":{"title":"Presilha Stone Modelo B - Ateli\u00ea Isis Dandara","description":"A Presilha Stone, \u00e9 uma pe\u00e7a artesanal composta de pedras naturais, ao mesmo tempo vers\u00e1til. Um excelente acess\u00f3rio de cabe\u00e7a para figurinos.","robots":{"index":"index","follow":"follow","max-snippet":"max-snippet:-1","max-image-preview":"max-image-preview:large","max-video-preview":"max-video-preview:-1"},"canonical":"https:\/\/atelie.isisdandara.com\/index.php\/product\/presilha-stone-modelo-b\/","og_locale":"pt_BR","og_type":"article","og_title":"Presilha Stone Modelo B - Ateli\u00ea Isis Dandara","og_description":"A Presilha Stone, \u00e9 uma pe\u00e7a artesanal composta de pedras naturais, ao mesmo tempo vers\u00e1til. Um excelente acess\u00f3rio de cabe\u00e7a para figurinos.","og_url":"https:\/\/atelie.isisdandara.com\/index.php\/product\/presilha-stone-modelo-b\/","og_site_name":"Ateli\u00ea Isis Dandara","article_modified_time":"2022-10-06T14:23:32+00:00","og_image":[{"width":1913,"height":2560,"url":"http:\/\/atelie.isisdandara.com\/wp-content\/uploads\/2021\/07\/20210728_205134-scaled.jpg","type":"image\/jpeg"}],"twitter_card":"summary_large_image","twitter_misc":{"Est. tempo de leitura":"1 minuto"},"schema":{"@context":"https:\/\/schema.org","@graph":[{"@type":"WebSite","@id":"https:\/\/atelie.isisdandara.com\/#website","url":"https:\/\/atelie.isisdandara.com\/","name":"Ateli\u00ea Isis Dandara","description":"Pe\u00e7as inspiradas no universo da dan\u00e7a!","potentialAction":[{"@type":"SearchAction","target":{"@type":"EntryPoint","urlTemplate":"https:\/\/atelie.isisdandara.com\/?s={search_term_string}"},"query-input":"required name=search_term_string"}],"inLanguage":"pt-BR"},{"@type":"ImageObject","@id":"https:\/\/atelie.isisdandara.com\/index.php\/product\/presilha-stone-modelo-b\/#primaryimage","inLanguage":"pt-BR","url":"https:\/\/atelie.isisdandara.com\/wp-content\/uploads\/2021\/07\/20210728_205134-scaled.jpg","contentUrl":"https:\/\/atelie.isisdandara.com\/wp-content\/uploads\/2021\/07\/20210728_205134-scaled.jpg","width":1913,"height":2560,"caption":"presilha stone"},{"@type":"WebPage","@id":"https:\/\/atelie.isisdandara.com\/index.php\/product\/presilha-stone-modelo-b\/#webpage","url":"https:\/\/atelie.isisdandara.com\/index.php\/product\/presilha-stone-modelo-b\/","name":"Presilha Stone Modelo B - Ateli\u00ea Isis Dandara","isPartOf":{"@id":"https:\/\/atelie.isisdandara.com\/#website"},"primaryImageOfPage":{"@id":"https:\/\/atelie.isisdandara.com\/index.php\/product\/presilha-stone-modelo-b\/#primaryimage"},"datePublished":"2021-07-29T11:00:48+00:00","dateModified":"2022-10-06T14:23:32+00:00","description":"A Presilha Stone, \u00e9 uma pe\u00e7a artesanal composta de pedras naturais, ao mesmo tempo vers\u00e1til. Um excelente acess\u00f3rio de cabe\u00e7a para figurinos.","breadcrumb":{"@id":"https:\/\/atelie.isisdandara.com\/index.php\/product\/presilha-stone-modelo-b\/#breadcrumb"},"inLanguage":"pt-BR","potentialAction":[{"@type":"ReadAction","target":["https:\/\/atelie.isisdandara.com\/index.php\/product\/presilha-stone-modelo-b\/"]}]},{"@type":"BreadcrumbList","@id":"https:\/\/atelie.isisdandara.com\/index.php\/product\/presilha-stone-modelo-b\/#breadcrumb","itemListElement":[{"@type":"ListItem","position":1,"name":"In\u00edcio","item":"https:\/\/atelie.isisdandara.com\/"},{"@type":"ListItem","position":2,"name":"Store","item":"https:\/\/atelie.isisdandara.com\/index.php\/store\/"},{"@type":"ListItem","position":3,"name":"Presilha Stone Modelo B"}]}]}},"_links":{"self":[{"href":"https:\/\/atelie.isisdandara.com\/index.php\/wp-json\/wp\/v2\/product\/3339"}],"collection":[{"href":"https:\/\/atelie.isisdandara.com\/index.php\/wp-json\/wp\/v2\/product"}],"about":[{"href":"https:\/\/atelie.isisdandara.com\/index.php\/wp-json\/wp\/v2\/types\/product"}],"replies":[{"embeddable":true,"href":"https:\/\/atelie.isisdandara.com\/index.php\/wp-json\/wp\/v2\/comments?post=3339"}],"version-history":[{"count":3,"href":"https:\/\/atelie.isisdandara.com\/index.php\/wp-json\/wp\/v2\/product\/3339\/revisions"}],"predecessor-version":[{"id":3385,"href":"https:\/\/atelie.isisdandara.com\/index.php\/wp-json\/wp\/v2\/product\/3339\/revisions\/3385"}],"wp:featuredmedia":[{"embeddable":true,"href":"https:\/\/atelie.isisdandara.com\/index.php\/wp-json\/wp\/v2\/media\/3336"}],"wp:attachment":[{"href":"https:\/\/atelie.isisdandara.com\/index.php\/wp-json\/wp\/v2\/media?parent=3339"}],"wp:term":[{"taxonomy":"product_cat","embeddable":true,"href":"https:\/\/atelie.isisdandara.com\/index.php\/wp-json\/wp\/v2\/product_cat?post=3339"},{"taxonomy":"product_tag","embeddable":true,"href":"https:\/\/atelie.isisdandara.com\/index.php\/wp-json\/wp\/v2\/product_tag?post=3339"}],"curies":[{"name":"wp","href":"https:\/\/api.w.org\/{rel}","templated":true}]}}