{"id":3346,"date":"2021-08-25T14:41:54","date_gmt":"2021-08-25T17:41:54","guid":{"rendered":"https:\/\/atelie.isisdandara.com\/?post_type=product&#038;p=3346"},"modified":"2022-01-22T13:36:02","modified_gmt":"2022-01-22T16:36:02","slug":"lenco-de-quadril","status":"publish","type":"product","link":"https:\/\/atelie.isisdandara.com\/index.php\/product\/lenco-de-quadril\/","title":{"rendered":"Len\u00e7o de Quadril"},"content":{"rendered":"<h2><strong>Descri\u00e7\u00e3o Len\u00e7o de Quadril<br \/>\n<\/strong><\/h2>\n<p>Antes de mais nada, o Len\u00e7o de quadril para Dan\u00e7a do Ventre, \u00e9 um <a href=\"https:\/\/atelie.isisdandara.com\/index.php\/product-category\/accessories\/\" target=\"_blank\" rel=\"noopener\">acess\u00f3rio<\/a> ajust\u00e1vel e confort\u00e1vel com tecido de veludo e um acabamento suave no toque, com \u00f3tima sonoridade e quantidade de medalhas e barra de pedras coloridas.<br \/>\nVoc\u00ea obter\u00e1 uma pe\u00e7a suave e fluida para utilizar em suas praticas e apresenta\u00e7\u00f5es de <a href=\"https:\/\/www.isisdandara.com\/aulas\/\" target=\"_blank\" rel=\"noopener\">Dan\u00e7a do Ventre<\/a>.<\/p>\n<h3>Mais Sonoridade<\/h3>\n<p><span style=\"font-weight: 400;\">Composto de medalhas douradas, esta pe\u00e7a potencializa a atra\u00e7\u00e3o do publico aos movimentos de quadril, atrav\u00e9s da adi\u00e7\u00e3o do fator auditivo.<\/span><span style=\"font-weight: 400;\"><br \/>\n<\/span><\/p>\n<hr \/>\n<h4>Detalhes<\/h4>\n<p><span style=\"font-weight: 400;\">Material: Tecido de veludo, pedras na borda superior e medalhas douradas<br \/>\nTamanho: \u00danico<br \/>\nPeso (apenas a pe\u00e7a): 281g<br \/>\nInclu\u00eddo no Pacote: 1 pe\u00e7a<\/span><\/p>\n","protected":false},"excerpt":{"rendered":"<p>Descri\u00e7\u00e3o Len\u00e7o de Quadril Antes de mais nada, o Len\u00e7o de quadril para Dan\u00e7a do Ventre, \u00e9 um acess\u00f3rio ajust\u00e1vel e confort\u00e1vel com tecido de veludo e um acabamento suave no toque, com \u00f3tima sonoridade e quantidade de medalhas e barra de pedras coloridas. Voc\u00ea obter\u00e1 uma pe\u00e7a suave e fluida para utilizar em suas &hellip;<\/p>\n<p class=\"read-more\"> <a class=\"\" href=\"https:\/\/atelie.isisdandara.com\/index.php\/product\/lenco-de-quadril\/\"> <span class=\"screen-reader-text\">Len\u00e7o de Quadril<\/span> Leia mais &raquo;<\/a><\/p>\n","protected":false},"featured_media":3413,"comment_status":"open","ping_status":"closed","template":"","meta":{"_mi_skip_tracking":false,"site-sidebar-layout":"default","site-content-layout":"default","ast-main-header-display":"","ast-hfb-above-header-display":"","ast-hfb-below-header-display":"","ast-hfb-mobile-header-display":"","site-post-title":"","ast-breadcrumbs-content":"","ast-featured-img":"","footer-sml-layout":"","theme-transparent-header-meta":"default","adv-header-id-meta":"","stick-header-meta":"","header-above-stick-meta":"","header-main-stick-meta":"","header-below-stick-meta":""},"product_cat":[24,50],"product_tag":[],"yoast_head":"<!-- This site is optimized with the Yoast SEO plugin v17.9 - https:\/\/yoast.com\/wordpress\/plugins\/seo\/ -->\n<title>Len\u00e7o de Quadril - Ateli\u00ea Isis Dandara<\/title>\n<meta name=\"description\" content=\"O Len\u00e7o de quadril para Dan\u00e7a do Ventre, \u00e9 um acess\u00f3rio ajust\u00e1vel e confort\u00e1vel, com \u00f3tima sonoridade e quantidade de medalhas.\" \/>\n<meta name=\"robots\" content=\"index, follow, max-snippet:-1, max-image-preview:large, max-video-preview:-1\" \/>\n<link rel=\"canonical\" href=\"https:\/\/atelie.isisdandara.com\/index.php\/product\/lenco-de-quadril\/\" \/>\n<meta property=\"og:locale\" content=\"pt_BR\" \/>\n<meta property=\"og:type\" content=\"article\" \/>\n<meta property=\"og:title\" content=\"Len\u00e7o de Quadril - Ateli\u00ea Isis Dandara\" \/>\n<meta property=\"og:description\" content=\"O Len\u00e7o de quadril para Dan\u00e7a do Ventre, \u00e9 um acess\u00f3rio ajust\u00e1vel e confort\u00e1vel, com \u00f3tima sonoridade e quantidade de medalhas.\" \/>\n<meta property=\"og:url\" content=\"https:\/\/atelie.isisdandara.com\/index.php\/product\/lenco-de-quadril\/\" \/>\n<meta property=\"og:site_name\" content=\"Ateli\u00ea Isis Dandara\" \/>\n<meta property=\"article:modified_time\" content=\"2022-01-22T16:36:02+00:00\" \/>\n<meta property=\"og:image\" content=\"http:\/\/atelie.isisdandara.com\/wp-content\/uploads\/2021\/09\/Lenco_de_quadril_frente.jpg\" \/>\n\t<meta property=\"og:image:width\" content=\"500\" \/>\n\t<meta property=\"og:image:height\" content=\"500\" \/>\n\t<meta property=\"og:image:type\" content=\"image\/jpeg\" \/>\n<meta name=\"twitter:card\" content=\"summary_large_image\" \/>\n<meta name=\"twitter:label1\" content=\"Est. tempo de leitura\" \/>\n\t<meta name=\"twitter:data1\" content=\"1 minuto\" \/>\n<script type=\"application\/ld+json\" class=\"yoast-schema-graph\">{\"@context\":\"https:\/\/schema.org\",\"@graph\":[{\"@type\":\"WebSite\",\"@id\":\"https:\/\/atelie.isisdandara.com\/#website\",\"url\":\"https:\/\/atelie.isisdandara.com\/\",\"name\":\"Ateli\\u00ea Isis Dandara\",\"description\":\"Pe\\u00e7as inspiradas no universo da dan\\u00e7a!\",\"potentialAction\":[{\"@type\":\"SearchAction\",\"target\":{\"@type\":\"EntryPoint\",\"urlTemplate\":\"https:\/\/atelie.isisdandara.com\/?s={search_term_string}\"},\"query-input\":\"required name=search_term_string\"}],\"inLanguage\":\"pt-BR\"},{\"@type\":\"ImageObject\",\"@id\":\"https:\/\/atelie.isisdandara.com\/index.php\/product\/lenco-de-quadril\/#primaryimage\",\"inLanguage\":\"pt-BR\",\"url\":\"https:\/\/atelie.isisdandara.com\/wp-content\/uploads\/2021\/09\/Lenco_de_quadril_frente.jpg\",\"contentUrl\":\"https:\/\/atelie.isisdandara.com\/wp-content\/uploads\/2021\/09\/Lenco_de_quadril_frente.jpg\",\"width\":500,\"height\":500,\"caption\":\"Len\\u00e7o de Quadril\"},{\"@type\":\"WebPage\",\"@id\":\"https:\/\/atelie.isisdandara.com\/index.php\/product\/lenco-de-quadril\/#webpage\",\"url\":\"https:\/\/atelie.isisdandara.com\/index.php\/product\/lenco-de-quadril\/\",\"name\":\"Len\\u00e7o de Quadril - Ateli\\u00ea Isis Dandara\",\"isPartOf\":{\"@id\":\"https:\/\/atelie.isisdandara.com\/#website\"},\"primaryImageOfPage\":{\"@id\":\"https:\/\/atelie.isisdandara.com\/index.php\/product\/lenco-de-quadril\/#primaryimage\"},\"datePublished\":\"2021-08-25T17:41:54+00:00\",\"dateModified\":\"2022-01-22T16:36:02+00:00\",\"description\":\"O Len\\u00e7o de quadril para Dan\\u00e7a do Ventre, \\u00e9 um acess\\u00f3rio ajust\\u00e1vel e confort\\u00e1vel, com \\u00f3tima sonoridade e quantidade de medalhas.\",\"breadcrumb\":{\"@id\":\"https:\/\/atelie.isisdandara.com\/index.php\/product\/lenco-de-quadril\/#breadcrumb\"},\"inLanguage\":\"pt-BR\",\"potentialAction\":[{\"@type\":\"ReadAction\",\"target\":[\"https:\/\/atelie.isisdandara.com\/index.php\/product\/lenco-de-quadril\/\"]}]},{\"@type\":\"BreadcrumbList\",\"@id\":\"https:\/\/atelie.isisdandara.com\/index.php\/product\/lenco-de-quadril\/#breadcrumb\",\"itemListElement\":[{\"@type\":\"ListItem\",\"position\":1,\"name\":\"In\\u00edcio\",\"item\":\"https:\/\/atelie.isisdandara.com\/\"},{\"@type\":\"ListItem\",\"position\":2,\"name\":\"Store\",\"item\":\"https:\/\/atelie.isisdandara.com\/index.php\/store\/\"},{\"@type\":\"ListItem\",\"position\":3,\"name\":\"Len\\u00e7o de Quadril\"}]}]}<\/script>\n<!-- \/ Yoast SEO plugin. -->","yoast_head_json":{"title":"Len\u00e7o de Quadril - Ateli\u00ea Isis Dandara","description":"O Len\u00e7o de quadril para Dan\u00e7a do Ventre, \u00e9 um acess\u00f3rio ajust\u00e1vel e confort\u00e1vel, com \u00f3tima sonoridade e quantidade de medalhas.","robots":{"index":"index","follow":"follow","max-snippet":"max-snippet:-1","max-image-preview":"max-image-preview:large","max-video-preview":"max-video-preview:-1"},"canonical":"https:\/\/atelie.isisdandara.com\/index.php\/product\/lenco-de-quadril\/","og_locale":"pt_BR","og_type":"article","og_title":"Len\u00e7o de Quadril - Ateli\u00ea Isis Dandara","og_description":"O Len\u00e7o de quadril para Dan\u00e7a do Ventre, \u00e9 um acess\u00f3rio ajust\u00e1vel e confort\u00e1vel, com \u00f3tima sonoridade e quantidade de medalhas.","og_url":"https:\/\/atelie.isisdandara.com\/index.php\/product\/lenco-de-quadril\/","og_site_name":"Ateli\u00ea Isis Dandara","article_modified_time":"2022-01-22T16:36:02+00:00","og_image":[{"width":500,"height":500,"url":"http:\/\/atelie.isisdandara.com\/wp-content\/uploads\/2021\/09\/Lenco_de_quadril_frente.jpg","type":"image\/jpeg"}],"twitter_card":"summary_large_image","twitter_misc":{"Est. tempo de leitura":"1 minuto"},"schema":{"@context":"https:\/\/schema.org","@graph":[{"@type":"WebSite","@id":"https:\/\/atelie.isisdandara.com\/#website","url":"https:\/\/atelie.isisdandara.com\/","name":"Ateli\u00ea Isis Dandara","description":"Pe\u00e7as inspiradas no universo da dan\u00e7a!","potentialAction":[{"@type":"SearchAction","target":{"@type":"EntryPoint","urlTemplate":"https:\/\/atelie.isisdandara.com\/?s={search_term_string}"},"query-input":"required name=search_term_string"}],"inLanguage":"pt-BR"},{"@type":"ImageObject","@id":"https:\/\/atelie.isisdandara.com\/index.php\/product\/lenco-de-quadril\/#primaryimage","inLanguage":"pt-BR","url":"https:\/\/atelie.isisdandara.com\/wp-content\/uploads\/2021\/09\/Lenco_de_quadril_frente.jpg","contentUrl":"https:\/\/atelie.isisdandara.com\/wp-content\/uploads\/2021\/09\/Lenco_de_quadril_frente.jpg","width":500,"height":500,"caption":"Len\u00e7o de Quadril"},{"@type":"WebPage","@id":"https:\/\/atelie.isisdandara.com\/index.php\/product\/lenco-de-quadril\/#webpage","url":"https:\/\/atelie.isisdandara.com\/index.php\/product\/lenco-de-quadril\/","name":"Len\u00e7o de Quadril - Ateli\u00ea Isis Dandara","isPartOf":{"@id":"https:\/\/atelie.isisdandara.com\/#website"},"primaryImageOfPage":{"@id":"https:\/\/atelie.isisdandara.com\/index.php\/product\/lenco-de-quadril\/#primaryimage"},"datePublished":"2021-08-25T17:41:54+00:00","dateModified":"2022-01-22T16:36:02+00:00","description":"O Len\u00e7o de quadril para Dan\u00e7a do Ventre, \u00e9 um acess\u00f3rio ajust\u00e1vel e confort\u00e1vel, com \u00f3tima sonoridade e quantidade de medalhas.","breadcrumb":{"@id":"https:\/\/atelie.isisdandara.com\/index.php\/product\/lenco-de-quadril\/#breadcrumb"},"inLanguage":"pt-BR","potentialAction":[{"@type":"ReadAction","target":["https:\/\/atelie.isisdandara.com\/index.php\/product\/lenco-de-quadril\/"]}]},{"@type":"BreadcrumbList","@id":"https:\/\/atelie.isisdandara.com\/index.php\/product\/lenco-de-quadril\/#breadcrumb","itemListElement":[{"@type":"ListItem","position":1,"name":"In\u00edcio","item":"https:\/\/atelie.isisdandara.com\/"},{"@type":"ListItem","position":2,"name":"Store","item":"https:\/\/atelie.isisdandara.com\/index.php\/store\/"},{"@type":"ListItem","position":3,"name":"Len\u00e7o de Quadril"}]}]}},"_links":{"self":[{"href":"https:\/\/atelie.isisdandara.com\/index.php\/wp-json\/wp\/v2\/product\/3346"}],"collection":[{"href":"https:\/\/atelie.isisdandara.com\/index.php\/wp-json\/wp\/v2\/product"}],"about":[{"href":"https:\/\/atelie.isisdandara.com\/index.php\/wp-json\/wp\/v2\/types\/product"}],"replies":[{"embeddable":true,"href":"https:\/\/atelie.isisdandara.com\/index.php\/wp-json\/wp\/v2\/comments?post=3346"}],"version-history":[{"count":6,"href":"https:\/\/atelie.isisdandara.com\/index.php\/wp-json\/wp\/v2\/product\/3346\/revisions"}],"predecessor-version":[{"id":3419,"href":"https:\/\/atelie.isisdandara.com\/index.php\/wp-json\/wp\/v2\/product\/3346\/revisions\/3419"}],"wp:featuredmedia":[{"embeddable":true,"href":"https:\/\/atelie.isisdandara.com\/index.php\/wp-json\/wp\/v2\/media\/3413"}],"wp:attachment":[{"href":"https:\/\/atelie.isisdandara.com\/index.php\/wp-json\/wp\/v2\/media?parent=3346"}],"wp:term":[{"taxonomy":"product_cat","embeddable":true,"href":"https:\/\/atelie.isisdandara.com\/index.php\/wp-json\/wp\/v2\/product_cat?post=3346"},{"taxonomy":"product_tag","embeddable":true,"href":"https:\/\/atelie.isisdandara.com\/index.php\/wp-json\/wp\/v2\/product_tag?post=3346"}],"curies":[{"name":"wp","href":"https:\/\/api.w.org\/{rel}","templated":true}]}}